{"id":1193,"date":"2022-02-01T11:09:09","date_gmt":"2022-02-01T11:09:09","guid":{"rendered":"https:\/\/new.lojaetechprojetos.com.br\/index.php\/home-2\/"},"modified":"2023-03-15T19:09:01","modified_gmt":"2023-03-15T22:09:01","slug":"home-2","status":"publish","type":"page","link":"https:\/\/new.lojaetechprojetos.com.br\/","title":{"rendered":"Home"},"content":{"rendered":"\n<div class=\"wp-block-uagb-container uagb-block-21f9e547 alignfull uagb-is-root-container\"><div class=\"uagb-container-inner-blocks-wrap\">\n<div class=\"wp-block-uagb-container uagb-block-befae31d\">\n<div class=\"wp-block-uagb-advanced-heading uagb-block-b6a098fe\"><h5 class=\"uagb-heading-text\">Excel\u00eancia em projetos !<\/h5><\/div>\n\n\n\n<div class=\"wp-block-uagb-advanced-heading uagb-block-33ce8cd4\"><h1 class=\"uagb-heading-text\"><strong>ETECH PROJETOS<\/strong><\/h1><p class=\"uagb-desc-text\">Bem-vindo \u00e0 Loja E-Tech Projetos, o lugar perfeito para voc\u00ea que busca solu\u00e7\u00f5es inovadoras e tecnol\u00f3gicas para seus projetos!<\/p><\/div>\n\n\n\n<div class=\"wp-block-uagb-container uagb-block-16a3c9e8\">\n<div class=\"wp-block-uagb-icon-list uagb-block-e621747a\"><div class=\"uagb-icon-list__wrap\">\n<div class=\"wp-block-uagb-icon-list-child uagb-block-ae73a172\"><a target=\"_self\" aria-label=\"Dispositivos Eletromec\u00e2nicos\u200b\" rel=\"noopener noreferrer\" href=\"#\"> <\/a><span class=\"uagb-icon-list__source-wrap\"><svg xmlns=\"https:\/\/www.w3.org\/2000\/svg\" viewBox=\"0 0 512 512\"><path d=\"M288 256C288 273.7 273.7 288 256 288C238.3 288 224 273.7 224 256C224 238.3 238.3 224 256 224C273.7 224 288 238.3 288 256zM112 256C112 176.5 176.5 112 256 112C335.5 112 400 176.5 400 256C400 335.5 335.5 400 256 400C176.5 400 112 335.5 112 256zM256 336C300.2 336 336 300.2 336 256C336 211.8 300.2 176 256 176C211.8 176 176 211.8 176 256C176 300.2 211.8 336 256 336zM512 256C512 397.4 397.4 512 256 512C114.6 512 0 397.4 0 256C0 114.6 114.6 0 256 0C397.4 0 512 114.6 512 256zM256 64C149.1 64 64 149.1 64 256C64 362 149.1 448 256 448C362 448 448 362 448 256C448 149.1 362 64 256 64z\"><\/path><\/svg><\/span><span class=\"uagb-icon-list__label\">Dispositivos Eletromec\u00e2nicos\u200b<\/span><\/div>\n\n\n\n<div class=\"wp-block-uagb-icon-list-child uagb-block-519d6e78\"><a target=\"_self\" aria-label=\"Automa\u00e7\u00e3o Industrial\" rel=\"noopener noreferrer\" href=\"#\"> <\/a><span class=\"uagb-icon-list__source-wrap\"><svg xmlns=\"https:\/\/www.w3.org\/2000\/svg\" viewBox=\"0 0 512 512\"><path d=\"M288 256C288 273.7 273.7 288 256 288C238.3 288 224 273.7 224 256C224 238.3 238.3 224 256 224C273.7 224 288 238.3 288 256zM112 256C112 176.5 176.5 112 256 112C335.5 112 400 176.5 400 256C400 335.5 335.5 400 256 400C176.5 400 112 335.5 112 256zM256 336C300.2 336 336 300.2 336 256C336 211.8 300.2 176 256 176C211.8 176 176 211.8 176 256C176 300.2 211.8 336 256 336zM512 256C512 397.4 397.4 512 256 512C114.6 512 0 397.4 0 256C0 114.6 114.6 0 256 0C397.4 0 512 114.6 512 256zM256 64C149.1 64 64 149.1 64 256C64 362 149.1 448 256 448C362 448 448 362 448 256C448 149.1 362 64 256 64z\"><\/path><\/svg><\/span><span class=\"uagb-icon-list__label\">Automa\u00e7\u00e3o Industrial<\/span><\/div>\n\n\n\n<div class=\"wp-block-uagb-icon-list-child uagb-block-975b3b1b\"><a target=\"_self\" aria-label=\"Prote\u00e7\u00f5es NR-12\" rel=\"noopener noreferrer\" href=\"#\"> <\/a><span class=\"uagb-icon-list__source-wrap\"><svg xmlns=\"https:\/\/www.w3.org\/2000\/svg\" viewBox=\"0 0 512 512\"><path d=\"M288 256C288 273.7 273.7 288 256 288C238.3 288 224 273.7 224 256C224 238.3 238.3 224 256 224C273.7 224 288 238.3 288 256zM112 256C112 176.5 176.5 112 256 112C335.5 112 400 176.5 400 256C400 335.5 335.5 400 256 400C176.5 400 112 335.5 112 256zM256 336C300.2 336 336 300.2 336 256C336 211.8 300.2 176 256 176C211.8 176 176 211.8 176 256C176 300.2 211.8 336 256 336zM512 256C512 397.4 397.4 512 256 512C114.6 512 0 397.4 0 256C0 114.6 114.6 0 256 0C397.4 0 512 114.6 512 256zM256 64C149.1 64 64 149.1 64 256C64 362 149.1 448 256 448C362 448 448 362 448 256C448 149.1 362 64 256 64z\"><\/path><\/svg><\/span><span class=\"uagb-icon-list__label\">Prote\u00e7\u00f5es NR-12<\/span><\/div>\n<\/div><\/div>\n\n\n\n<div class=\"wp-block-uagb-icon-list uagb-block-1f32e734\"><div class=\"uagb-icon-list__wrap\">\n<div class=\"wp-block-uagb-icon-list-child uagb-block-68d023e7\"><a target=\"_self\" aria-label=\"M\u00e1quinas \/Equipamentos\" rel=\"noopener noreferrer\" href=\"#\"> <\/a><span class=\"uagb-icon-list__source-wrap\"><svg xmlns=\"https:\/\/www.w3.org\/2000\/svg\" viewBox=\"0 0 512 512\"><path d=\"M288 256C288 273.7 273.7 288 256 288C238.3 288 224 273.7 224 256C224 238.3 238.3 224 256 224C273.7 224 288 238.3 288 256zM112 256C112 176.5 176.5 112 256 112C335.5 112 400 176.5 400 256C400 335.5 335.5 400 256 400C176.5 400 112 335.5 112 256zM256 336C300.2 336 336 300.2 336 256C336 211.8 300.2 176 256 176C211.8 176 176 211.8 176 256C176 300.2 211.8 336 256 336zM512 256C512 397.4 397.4 512 256 512C114.6 512 0 397.4 0 256C0 114.6 114.6 0 256 0C397.4 0 512 114.6 512 256zM256 64C149.1 64 64 149.1 64 256C64 362 149.1 448 256 448C362 448 448 362 448 256C448 149.1 362 64 256 64z\"><\/path><\/svg><\/span><span class=\"uagb-icon-list__label\">M\u00e1quinas \/Equipamentos<\/span><\/div>\n\n\n\n<div class=\"wp-block-uagb-icon-list-child uagb-block-d1ca6af0\"><a target=\"_self\" aria-label=\"Modelamento 3D\" rel=\"noopener noreferrer\" href=\"#\"> <\/a><span class=\"uagb-icon-list__source-wrap\"><svg xmlns=\"https:\/\/www.w3.org\/2000\/svg\" viewBox=\"0 0 512 512\"><path d=\"M288 256C288 273.7 273.7 288 256 288C238.3 288 224 273.7 224 256C224 238.3 238.3 224 256 224C273.7 224 288 238.3 288 256zM112 256C112 176.5 176.5 112 256 112C335.5 112 400 176.5 400 256C400 335.5 335.5 400 256 400C176.5 400 112 335.5 112 256zM256 336C300.2 336 336 300.2 336 256C336 211.8 300.2 176 256 176C211.8 176 176 211.8 176 256C176 300.2 211.8 336 256 336zM512 256C512 397.4 397.4 512 256 512C114.6 512 0 397.4 0 256C0 114.6 114.6 0 256 0C397.4 0 512 114.6 512 256zM256 64C149.1 64 64 149.1 64 256C64 362 149.1 448 256 448C362 448 448 362 448 256C448 149.1 362 64 256 64z\"><\/path><\/svg><\/span><span class=\"uagb-icon-list__label\">Modelamento 3D<\/span><\/div>\n\n\n\n<div class=\"wp-block-uagb-icon-list-child uagb-block-1e63425b\"><a target=\"_self\" aria-label=\"Detalhamento 2D\" rel=\"noopener noreferrer\" href=\"#\"> <\/a><span class=\"uagb-icon-list__source-wrap\"><svg xmlns=\"https:\/\/www.w3.org\/2000\/svg\" viewBox=\"0 0 512 512\"><path d=\"M288 256C288 273.7 273.7 288 256 288C238.3 288 224 273.7 224 256C224 238.3 238.3 224 256 224C273.7 224 288 238.3 288 256zM112 256C112 176.5 176.5 112 256 112C335.5 112 400 176.5 400 256C400 335.5 335.5 400 256 400C176.5 400 112 335.5 112 256zM256 336C300.2 336 336 300.2 336 256C336 211.8 300.2 176 256 176C211.8 176 176 211.8 176 256C176 300.2 211.8 336 256 336zM512 256C512 397.4 397.4 512 256 512C114.6 512 0 397.4 0 256C0 114.6 114.6 0 256 0C397.4 0 512 114.6 512 256zM256 64C149.1 64 64 149.1 64 256C64 362 149.1 448 256 448C362 448 448 362 448 256C448 149.1 362 64 256 64z\"><\/path><\/svg><\/span><span class=\"uagb-icon-list__label\">Detalhamento 2D<\/span><\/div>\n<\/div><\/div>\n<\/div>\n<\/div>\n<\/div><\/div>\n\n\n\n<div class=\"wp-block-uagb-container uagb-block-b8ea8691 alignfull uagb-is-root-container\"><div class=\"uagb-container-inner-blocks-wrap\">\n<div class=\"wp-block-uagb-advanced-heading uagb-block-ab551e4e\"><h2 class=\"uagb-heading-text\"><font style=\"vertical-align: inherit;\"><font style=\"vertical-align: inherit;\">POR QUE ESCOLHER A ETECH PROJETOS<\/font><\/font><\/h2><\/div>\n\n\n\n<div class=\"wp-block-uagb-container uagb-block-4023a007\">\n<div class=\"wp-block-uagb-container uagb-block-72855e75\">\n<div class=\"wp-block-uagb-advanced-heading uagb-block-a82b66da\"><h4 class=\"uagb-heading-text\"><font style=\"vertical-align: inherit;\"><font style=\"vertical-align: inherit;\">VARIEDADE<\/font><\/font><\/h4><p class=\"uagb-desc-text\">Oferecemos uma ampla variedade de projetos para diferentes \u00e1reas, permitindo que voc\u00ea encontre algo que atenda \u00e0s suas necessidades e interesses. Al\u00e9m disso, todos os projetos s\u00e3o desenvolvidos visando qualidade e robustez dos projetos.<\/p><\/div>\n<\/div>\n\n\n\n<div class=\"wp-block-uagb-container uagb-block-1a53bb35\">\n<div class=\"wp-block-uagb-advanced-heading uagb-block-67c707b3\"><h4 class=\"uagb-heading-text\">LIFETIME WARRANTY\u200b<\/h4><p class=\"uagb-desc-text\">Os projetos s\u00e3o de valor acess\u00edveis e f\u00e1ceis de seguir, permitindo que tanto estudantes, entusiastas ou profissionais da \u00e1rea possam utiliz\u00e1-los para a fabrica\u00e7\u00e3o.<\/p><\/div>\n<\/div>\n<\/div>\n\n\n\n<div class=\"wp-block-uagb-container uagb-block-0eabcf19\">\n<div class=\"wp-block-uagb-container uagb-block-375f4615\">\n<div class=\"wp-block-uagb-advanced-heading uagb-block-454d9b05\"><h5 class=\"uagb-heading-text\">DESENVOLVEMOS CONFORME SUA NECESSIDADE<\/h5><\/div>\n<\/div>\n<\/div>\n<\/div><\/div>\n\n\n\n<div class=\"wp-block-uagb-container uagb-block-c3d4c07e alignfull uagb-is-root-container\"><div class=\"uagb-container-inner-blocks-wrap\">\n<div class=\"wp-block-uagb-container uagb-block-48698662\">\n<div class=\"wp-block-uagb-advanced-heading uagb-block-ea23015f\"><h2 class=\"uagb-heading-text\">Porque escolher a ETECH PROJETOS ?<\/h2><\/div>\n\n\n\n<div class=\"wp-block-uagb-advanced-heading uagb-block-1a01d342\"><h6 class=\"uagb-heading-text\">Nossa miss\u00e3o n\u00e3o se resume apenas a oferecer produtos de qualidade<\/h6><\/div>\n\n\n\n<div class=\"wp-block-uagb-container uagb-block-05ef2134\">\n<div class=\"wp-block-uagb-container uagb-block-4ddec5b6\">\n<div class=\"wp-block-uagb-advanced-heading uagb-block-754938e7\"><h3 class=\"uagb-heading-text\">O QUE ACREDITAMOS !<\/h3><\/div>\n<\/div>\n\n\n\n<div class=\"wp-block-uagb-container uagb-block-d24e26e8\">\n<p class=\"has-ast-global-color-5-color has-text-color has-background\" style=\"background-color:#00000059\">N\u00f3s acreditamos que a tecnologia pode transformar o mundo, e queremos fazer parte dessa transforma\u00e7\u00e3o. Por isso, estamos sempre buscando novas formas de inovar e criar solu\u00e7\u00f5es que possam fazer a diferen\u00e7a na vida das pessoas.<br>Seja voc\u00ea um hobbyista, estudante ou profissional. <\/p>\n\n\n\n<p class=\"has-ast-global-color-6-color has-text-color has-background\" style=\"background-color:#00000059\">Aqui na E-Tech Projetos voc\u00ea encontra tudo o que precisa para realizar seus projetos e alcan\u00e7ar seus objetivos. Venha fazer parte da nossa comunidade de apaixonados por engenharia e descubra o que podemos fazer juntos!<\/p>\n<\/div>\n<\/div>\n<\/div>\n<\/div><\/div>\n\n\n\n<div class=\"wp-block-uagb-container uagb-block-66d98996 alignfull uagb-is-root-container\"><div class=\"uagb-container-inner-blocks-wrap\">\n<div class=\"wp-block-uagb-container uagb-block-5f4a4eb6\">\n<div class=\"wp-block-uagb-image uagb-block-4fed31ed wp-block-uagb-image--layout-default wp-block-uagb-image--effect-static wp-block-uagb-image--align-none\"><figure class=\"wp-block-uagb-image__figure\"><img decoding=\"async\" srcset=\"https:\/\/new.lojaetechprojetos.com.br\/wp-content\/uploads\/2023\/03\/AG-team2.jpeg \" src=\"https:\/\/new.lojaetechprojetos.com.br\/wp-content\/uploads\/2023\/03\/AG-team2.jpeg\" alt=\"\" class=\"uag-image-10\" width=\"318\" height=\"247\" title=\"\" loading=\"lazy\"\/><\/figure><\/div>\n\n\n\n<div class=\"wp-block-uagb-advanced-heading uagb-block-abc8710e\"><h4 class=\"uagb-heading-text\">Gabrielle Winn<\/h4><\/div>\n\n\n\n<div class=\"wp-block-uagb-advanced-heading uagb-block-217bb7b9\"><h6 class=\"uagb-heading-text\">CEO<\/h6><\/div>\n<\/div>\n\n\n\n<div class=\"wp-block-uagb-container uagb-block-98e75b2b\"><\/div>\n\n\n\n<div class=\"wp-block-uagb-container uagb-block-48dd6edf\"><\/div>\n<\/div><\/div>\n","protected":false},"excerpt":{"rendered":"","protected":false},"author":1,"featured_media":0,"parent":0,"menu_order":0,"comment_status":"closed","ping_status":"closed","template":"","meta":{"_uag_custom_page_level_css":"","site-sidebar-layout":"no-sidebar","site-content-layout":"plain-container","ast-global-header-display":"","ast-main-header-display":"","ast-hfb-above-header-display":"","ast-hfb-below-header-display":"","ast-hfb-mobile-header-display":"","site-post-title":"disabled","ast-breadcrumbs-content":"","ast-featured-img":"disabled","footer-sml-layout":"","theme-transparent-header-meta":"enabled","adv-header-id-meta":"","stick-header-meta":"","header-above-stick-meta":"","header-main-stick-meta":"","header-below-stick-meta":"","footnotes":""},"class_list":["post-1193","page","type-page","status-publish","hentry"],"uagb_featured_image_src":{"full":false,"thumbnail":false,"medium":false,"medium_large":false,"large":false,"1536x1536":false,"2048x2048":false,"woocommerce_thumbnail":false,"woocommerce_single":false,"woocommerce_gallery_thumbnail":false,"thaps-thumb-img":false},"uagb_author_info":{"display_name":"ADMIN","author_link":"https:\/\/new.lojaetechprojetos.com.br\/index.php\/author\/admin\/"},"uagb_comment_info":0,"uagb_excerpt":null,"_links":{"self":[{"href":"https:\/\/new.lojaetechprojetos.com.br\/index.php\/wp-json\/wp\/v2\/pages\/1193","targetHints":{"allow":["GET"]}}],"collection":[{"href":"https:\/\/new.lojaetechprojetos.com.br\/index.php\/wp-json\/wp\/v2\/pages"}],"about":[{"href":"https:\/\/new.lojaetechprojetos.com.br\/index.php\/wp-json\/wp\/v2\/types\/page"}],"author":[{"embeddable":true,"href":"https:\/\/new.lojaetechprojetos.com.br\/index.php\/wp-json\/wp\/v2\/users\/1"}],"replies":[{"embeddable":true,"href":"https:\/\/new.lojaetechprojetos.com.br\/index.php\/wp-json\/wp\/v2\/comments?post=1193"}],"version-history":[{"count":12,"href":"https:\/\/new.lojaetechprojetos.com.br\/index.php\/wp-json\/wp\/v2\/pages\/1193\/revisions"}],"predecessor-version":[{"id":1695,"href":"https:\/\/new.lojaetechprojetos.com.br\/index.php\/wp-json\/wp\/v2\/pages\/1193\/revisions\/1695"}],"wp:attachment":[{"href":"https:\/\/new.lojaetechprojetos.com.br\/index.php\/wp-json\/wp\/v2\/media?parent=1193"}],"curies":[{"name":"wp","href":"https:\/\/api.w.org\/{rel}","templated":true}]}}